{"id":35,"date":"2014-08-29T02:09:43","date_gmt":"2014-08-29T02:09:43","guid":{"rendered":"http:\/\/wp\/?page_id=35"},"modified":"2024-03-08T07:08:03","modified_gmt":"2024-03-08T10:08:03","slug":"contato","status":"publish","type":"page","link":"https:\/\/www.geomecanica.com.br\/en\/contato\/","title":{"rendered":"CONTACT"},"content":{"rendered":"<\/div><\/div><\/div><!-- close content main div --><\/div><\/div><div id='full_slider_1' class='avia-fullwidth-slider main_color avia-shadow  container_wrap fullsize'   ><div  data-size='featured'  data-lightbox_size='large'  data-animation='slide'  data-ids='495'  data-video_counter='0'  data-autoplay='false'  data-bg_slider='false'  data-slide_height=''  data-handle='av_slideshow_full'  data-interval='5'  data-class=' '  data-css_id=''  data-scroll_down=''  data-control_layout='av-control-default'  data-custom_markup=''  data-perma_caption=''  data-autoplay_stopper=''  data-image_attachment=''  data-min_height='0px'  data-src=''  data-position='top left'  data-repeat='no-repeat'  data-attach='scroll'  data-stretch=''  data-default-height='28.666666666667'  class='avia-slideshow avia-slideshow-1  av-control-default av-default-height-applied avia-slideshow-featured av_slideshow_full   avia-slide-slider'  itemscope=\"itemscope\" itemtype=\"https:\/\/schema.org\/ImageObject\" ><ul class='avia-slideshow-inner' style='padding-bottom: 28.666666666667%;'><li  class='av-single-slide slide-1' ><div data-rel='slideshow-1' class='avia-slide-wrap'  ><img src='https:\/\/www.geomecanica.com.br\/wp-content\/uploads\/2019\/04\/banner-contato-geomecanica-1500x430.png' width='1500' height='430' title='banner-contato-geomecanica' alt=''  itemprop=\"thumbnailUrl\"   \/><\/div><\/li><\/ul><\/div><\/div>\n<div class=\"flex_column av_one_half  flex_column_div av-zero-column-padding first\" style='border-radius:0px; '><section class=\"av_textblock_section\"  itemscope=\"itemscope\" itemtype=\"https:\/\/schema.org\/CreativeWork\" ><div class='avia_textblock'   itemprop=\"text\" ><h1 style=\"text-align: right;\">CONTACT US<\/h1>\n<h3 style=\"text-align: right;\">(21) 3515-0101<\/h3>\n<h3 style=\"text-align: right;\">Rua Bela, 1128 &#8211; S\u00e3o Crist\u00f3v\u00e3o &#8211; RJ<\/h3>\n<h3 style=\"text-align: right;\">ZIP Code 20930-380<\/h3>\n<h3 style=\"text-align: right;\">Proposal:<\/h3>\n<h5 style=\"text-align: right;\"><a href=\"mailto:comercial@geomecanica.com.br\">comercial@geomecanica.com.br<\/a><\/h5>\n<h3><\/h3>\n<h3 style=\"text-align: right;\">Suggestions:<\/h3>\n<h5 style=\"text-align: right;\"><a href=\"mailto:geomecanica@geomecanica.com.br\">geomecanica@geomecanica.com.br<\/a><\/h5>\n<h3><\/h3>\n<h3 style=\"text-align: right;\">Providers:<\/h3>\n<h5 style=\"text-align: right;\"><a href=\"mailto:suprimento@geomecanica.com.br\">suprimento@geomecanica.com.br<\/a><\/h5>\n<h3><\/h3>\n<h3 style=\"text-align: right;\">Work with us:<\/h3>\n<h5 style=\"text-align: right;\"><a href=\"mailto:rh@geomecanica.com.br\">rh@geomecanica.com.br<\/a><\/h5>\n<h3><\/h3>\n<h3 style=\"text-align: right;\">Den\u00fancia:<\/h3>\n<h5 style=\"text-align: right;\"><a href=\"mailto:etica@geomecanica.com.brr\">etica@geomecanica.com.br<\/a><\/h5>\n<\/div><\/section><\/div>\n<div class=\"flex_column av_one_half  flex_column_div av-zero-column-padding\" style='border-radius:0px; '><form action=\"\/en\/contato\/\" method=\"post\"  class=\"avia_ajax_form av-form-labels-visible\" data-avia-form-id=\"1\" data-avia-redirect='' data-trp-original-action=\"https:\/\/www.geomecanica.com.br\/en\/contato\/\"><fieldset><p class='first_form  form_element form_fullwidth' id='element_avia_1_1'><label for=\"avia_1_1\">Name <abbr class=\"required\" title=\"required\">*<\/abbr><\/label> <input name=\"avia_1_1\" class=\"text_input is_empty\" type=\"text\" id=\"avia_1_1\" value=\"\" \/><\/p><p class='first_form  form_element form_fullwidth' id='element_avia_2_1'><label for=\"avia_2_1\">E-Mail <abbr class=\"required\" title=\"required\">*<\/abbr><\/label> <input name=\"avia_2_1\" class=\"text_input is_email\" type=\"text\" id=\"avia_2_1\" value=\"\" \/><\/p><p class='first_form  form_element form_fullwidth' id='element_avia_3_1'><label for=\"avia_3_1\">Telephone<\/label> <input name=\"avia_3_1\" class=\"text_input\" type=\"text\" id=\"avia_3_1\" value=\"\" \/><\/p><p class='first_form  form_element form_fullwidth' id='element_avia_4_1'><label for=\"avia_4_1\">Subject <abbr class=\"required\" title=\"required\">*<\/abbr><\/label> <select  name=\"avia_4_1\" class=\"select is_empty\" id=\"avia_4_1\"><option  value ='Propostas'>Proposal<\/option><option  value ='Sugest\u00f5es'>Suggestions<\/option><option  value ='Fornecedores'>Providers<\/option><option  value ='Trabalhe conosco'>Work with us<\/option><\/select><\/p><p class='first_form  form_element form_fullwidth av-last-visible-form-element' id='element_avia_5_1'>\t <label for=\"avia_5_1\" class=\"textare_label hidden textare_label_avia_5_1\">Message <abbr class=\"required\" title=\"required\">*<\/abbr><\/label>\t <textarea  name=\"avia_5_1\" class=\"text_area is_empty\" cols=\"40\" rows=\"7\" id=\"avia_5_1\" ><\/textarea><\/p><p class=\"hidden\"><input type=\"text\" name=\"avia_6_1\" class=\"hidden\" id=\"avia_6_1\" value=\"\" \/><\/p><p class=\"form_element\"><input type=\"hidden\" value=\"1\" name=\"avia_generated_form1\" \/><input type=\"submit\" value=\"Submit\" class=\"button\"  data-sending-label=\"Sending\"\/><\/p><\/fieldset><input type=\"hidden\" name=\"trp-form-language\" value=\"en\"\/><\/form><div id=\"ajaxresponse_1\" class=\"ajaxresponse ajaxresponse_1 hidden\"><\/div><\/div>\n<div id='fullscreen_slider_0' class='avia-fullscreen-slider main_color  container_wrap fullsize'   ><div  data-size='no scaling'  data-lightbox_size='large'  data-animation='slide'  data-ids='861'  data-video_counter='0'  data-autoplay='false'  data-bg_slider='true'  data-slide_height='100'  data-handle='av_fullscreen'  data-interval='5'  data-class=' '  data-css_id='fullscreen_slider_0'  data-scroll_down=''  data-control_layout='av-control-default'  data-custom_markup=''  data-perma_caption=''  data-autoplay_stopper=''  data-image_attachment=''  data-min_height='0px'  data-stretch=''  class='avia-slideshow avia-slideshow-2  av-control-default av-default-height-applied avia-slideshow-no scaling av_fullscreen   avia-slide-slider'  itemscope=\"itemscope\" itemtype=\"https:\/\/schema.org\/ImageObject\" ><ul class='avia-slideshow-inner' style='padding-bottom: 31.25%;'><li style='background-position:Center Center;' data-img-url='https:\/\/www.geomecanica.com.br\/wp-content\/uploads\/2019\/06\/mapa-geomecanica.png' class='av-single-slide slide-1' ><div data-rel='slideshow-2' class='avia-slide-wrap'  ><\/div><\/li><\/ul><\/div><\/div>\n<div class='flex_column_table av-equal-height-column-flextable' ><div class=\"flex_column av_one_half  flex_column_table_cell av-equal-height-column av-align-middle av-zero-column-padding first\" style='border-radius:0px; '><section class=\"av_textblock_section\"  itemscope=\"itemscope\" itemtype=\"https:\/\/schema.org\/CreativeWork\" ><div class='avia_textblock'   itemprop=\"text\" ><h1 style=\"text-align: right;\">CANAL DE DEN\u00daNCIA<\/h1>\n<h3 style=\"text-align: right;\">Clique ou aponte a c\u00e2mera do seu celular para o QR Code ao lado para acessar o nosso formul\u00e1rio.<\/h3>\n<h3 style=\"text-align: right;\">A sua den\u00fancia \u00e9 an\u00f4nima.<\/h3>\n<\/div><\/section><\/div><div class='av-flex-placeholder'><\/div><div class=\"flex_column av_one_half  flex_column_table_cell av-equal-height-column av-align-middle av-zero-column-padding\" style='border-radius:0px; '><div class='avia-image-container  av-styling-   avia-align-center'  itemscope=\"itemscope\" itemtype=\"https:\/\/schema.org\/ImageObject\"  ><div class='avia-image-container-inner'><a href='https:\/\/forms.office.com\/pages\/responsepage.aspx?id=fMfr2uUVyEOcz9lL39VH66RtJE-e6dVHqqdwfZgTRCdURFFJTzFWVTVJN0UzNDVVUVlaSTkxOFkxWS4u&amp;origin=QRCode' class='avia_image'   target=\"_blank\" ><img class='avia_image' src='https:\/\/www.geomecanica.com.br\/wp-content\/uploads\/2024\/03\/geomecanica-qrcode-canal-denuncia.png' alt='' title='geomecanica-qrcode-canal-denuncia'  itemprop=\"thumbnailUrl\"  \/><\/a><\/div><\/div><\/div><\/div><!--close column table wrapper. Autoclose:  --><\/p>","protected":false},"excerpt":{"rendered":"","protected":false},"author":1,"featured_media":0,"parent":0,"menu_order":0,"comment_status":"open","ping_status":"open","template":"","meta":{"footnotes":""},"class_list":["post-35","page","type-page","status-publish","hentry"],"yoast_head":"<!-- This site is optimized with the Yoast SEO plugin v24.0 - https:\/\/yoast.com\/wordpress\/plugins\/seo\/ -->\n<title>CONTATO - Geomec\u00e2nica - Engenharia e Geotecnia<\/title>\n<meta name=\"description\" content=\"Desde 1972 a Geomec\u00e2nica faz consultoria t\u00e9cnica especializada em geotecnia, instrumenta\u00e7\u00e3o e execu\u00e7\u00e3o de investiga\u00e7\u00f5es geot\u00e9cnicas .\" \/>\n<meta name=\"robots\" content=\"index, follow, max-snippet:-1, max-image-preview:large, max-video-preview:-1\" \/>\n<link rel=\"canonical\" href=\"https:\/\/www.geomecanica.com.br\/en\/contato\/\" \/>\n<meta property=\"og:locale\" content=\"en_US\" \/>\n<meta property=\"og:type\" content=\"article\" \/>\n<meta property=\"og:title\" content=\"CONTATO - Geomec\u00e2nica - Engenharia e Geotecnia\" \/>\n<meta property=\"og:description\" content=\"Desde 1972 a Geomec\u00e2nica faz consultoria t\u00e9cnica especializada em geotecnia, instrumenta\u00e7\u00e3o e execu\u00e7\u00e3o de investiga\u00e7\u00f5es geot\u00e9cnicas .\" \/>\n<meta property=\"og:url\" content=\"https:\/\/www.geomecanica.com.br\/en\/contato\/\" \/>\n<meta property=\"og:site_name\" content=\"Geomec\u00e2nica\" \/>\n<meta property=\"article:modified_time\" content=\"2024-03-08T10:08:03+00:00\" \/>\n<meta name=\"twitter:card\" content=\"summary_large_image\" \/>\n<meta name=\"twitter:label1\" content=\"Est. reading time\" \/>\n\t<meta name=\"twitter:data1\" content=\"2 minutes\" \/>\n<script type=\"application\/ld+json\" class=\"yoast-schema-graph\">{\"@context\":\"https:\/\/schema.org\",\"@graph\":[{\"@type\":\"WebPage\",\"@id\":\"https:\/\/www.geomecanica.com.br\/contato\/\",\"url\":\"https:\/\/www.geomecanica.com.br\/contato\/\",\"name\":\"CONTATO - Geomec\u00e2nica - Engenharia e Geotecnia\",\"isPartOf\":{\"@id\":\"https:\/\/www.geomecanica.com.br\/#website\"},\"datePublished\":\"2014-08-29T02:09:43+00:00\",\"dateModified\":\"2024-03-08T10:08:03+00:00\",\"description\":\"Desde 1972 a Geomec\u00e2nica faz consultoria t\u00e9cnica especializada em geotecnia, instrumenta\u00e7\u00e3o e execu\u00e7\u00e3o de investiga\u00e7\u00f5es geot\u00e9cnicas .\",\"breadcrumb\":{\"@id\":\"https:\/\/www.geomecanica.com.br\/contato\/#breadcrumb\"},\"inLanguage\":\"en-US\",\"potentialAction\":[{\"@type\":\"ReadAction\",\"target\":[\"https:\/\/www.geomecanica.com.br\/contato\/\"]}]},{\"@type\":\"BreadcrumbList\",\"@id\":\"https:\/\/www.geomecanica.com.br\/contato\/#breadcrumb\",\"itemListElement\":[{\"@type\":\"ListItem\",\"position\":1,\"name\":\"In\u00edcio\",\"item\":\"https:\/\/www.geomecanica.com.br\/\"},{\"@type\":\"ListItem\",\"position\":2,\"name\":\"CONTATO\"}]},{\"@type\":\"WebSite\",\"@id\":\"https:\/\/www.geomecanica.com.br\/#website\",\"url\":\"https:\/\/www.geomecanica.com.br\/\",\"name\":\"Geomec\u00e2nica\",\"description\":\"Atividades na engenharia civil e geot\u00e9cnica\",\"potentialAction\":[{\"@type\":\"SearchAction\",\"target\":{\"@type\":\"EntryPoint\",\"urlTemplate\":\"https:\/\/www.geomecanica.com.br\/?s={search_term_string}\"},\"query-input\":{\"@type\":\"PropertyValueSpecification\",\"valueRequired\":true,\"valueName\":\"search_term_string\"}}],\"inLanguage\":\"en-US\"}]}<\/script>\n<!-- \/ Yoast SEO plugin. -->","yoast_head_json":{"title":"CONTATO - Geomec\u00e2nica - Engenharia e Geotecnia","description":"Desde 1972 a Geomec\u00e2nica faz consultoria t\u00e9cnica especializada em geotecnia, instrumenta\u00e7\u00e3o e execu\u00e7\u00e3o de investiga\u00e7\u00f5es geot\u00e9cnicas .","robots":{"index":"index","follow":"follow","max-snippet":"max-snippet:-1","max-image-preview":"max-image-preview:large","max-video-preview":"max-video-preview:-1"},"canonical":"https:\/\/www.geomecanica.com.br\/en\/contato\/","og_locale":"en_US","og_type":"article","og_title":"CONTATO - Geomec\u00e2nica - Engenharia e Geotecnia","og_description":"Desde 1972 a Geomec\u00e2nica faz consultoria t\u00e9cnica especializada em geotecnia, instrumenta\u00e7\u00e3o e execu\u00e7\u00e3o de investiga\u00e7\u00f5es geot\u00e9cnicas .","og_url":"https:\/\/www.geomecanica.com.br\/en\/contato\/","og_site_name":"Geomec\u00e2nica","article_modified_time":"2024-03-08T10:08:03+00:00","twitter_card":"summary_large_image","twitter_misc":{"Est. reading time":"2 minutes"},"schema":{"@context":"https:\/\/schema.org","@graph":[{"@type":"WebPage","@id":"https:\/\/www.geomecanica.com.br\/contato\/","url":"https:\/\/www.geomecanica.com.br\/contato\/","name":"CONTATO - Geomec\u00e2nica - Engenharia e Geotecnia","isPartOf":{"@id":"https:\/\/www.geomecanica.com.br\/#website"},"datePublished":"2014-08-29T02:09:43+00:00","dateModified":"2024-03-08T10:08:03+00:00","description":"Desde 1972 a Geomec\u00e2nica faz consultoria t\u00e9cnica especializada em geotecnia, instrumenta\u00e7\u00e3o e execu\u00e7\u00e3o de investiga\u00e7\u00f5es geot\u00e9cnicas .","breadcrumb":{"@id":"https:\/\/www.geomecanica.com.br\/contato\/#breadcrumb"},"inLanguage":"en-US","potentialAction":[{"@type":"ReadAction","target":["https:\/\/www.geomecanica.com.br\/contato\/"]}]},{"@type":"BreadcrumbList","@id":"https:\/\/www.geomecanica.com.br\/contato\/#breadcrumb","itemListElement":[{"@type":"ListItem","position":1,"name":"In\u00edcio","item":"https:\/\/www.geomecanica.com.br\/"},{"@type":"ListItem","position":2,"name":"CONTATO"}]},{"@type":"WebSite","@id":"https:\/\/www.geomecanica.com.br\/#website","url":"https:\/\/www.geomecanica.com.br\/","name":"Geomec\u00e2nica","description":"Atividades na engenharia civil e geot\u00e9cnica","potentialAction":[{"@type":"SearchAction","target":{"@type":"EntryPoint","urlTemplate":"https:\/\/www.geomecanica.com.br\/?s={search_term_string}"},"query-input":{"@type":"PropertyValueSpecification","valueRequired":true,"valueName":"search_term_string"}}],"inLanguage":"en-US"}]}},"_links":{"self":[{"href":"https:\/\/www.geomecanica.com.br\/en\/wp-json\/wp\/v2\/pages\/35","targetHints":{"allow":["GET"]}}],"collection":[{"href":"https:\/\/www.geomecanica.com.br\/en\/wp-json\/wp\/v2\/pages"}],"about":[{"href":"https:\/\/www.geomecanica.com.br\/en\/wp-json\/wp\/v2\/types\/page"}],"author":[{"embeddable":true,"href":"https:\/\/www.geomecanica.com.br\/en\/wp-json\/wp\/v2\/users\/1"}],"replies":[{"embeddable":true,"href":"https:\/\/www.geomecanica.com.br\/en\/wp-json\/wp\/v2\/comments?post=35"}],"version-history":[{"count":26,"href":"https:\/\/www.geomecanica.com.br\/en\/wp-json\/wp\/v2\/pages\/35\/revisions"}],"predecessor-version":[{"id":1341,"href":"https:\/\/www.geomecanica.com.br\/en\/wp-json\/wp\/v2\/pages\/35\/revisions\/1341"}],"wp:attachment":[{"href":"https:\/\/www.geomecanica.com.br\/en\/wp-json\/wp\/v2\/media?parent=35"}],"curies":[{"name":"wp","href":"https:\/\/api.w.org\/{rel}","templated":true}]}}